
{"id":9815,"date":"2021-11-18T21:26:37","date_gmt":"2021-11-18T21:26:37","guid":{"rendered":"https:\/\/dev.eunitecidos.pt\/?post_type=product&#038;p=9815"},"modified":"2026-01-20T15:01:41","modified_gmt":"2026-01-20T15:01:41","slug":"pelo-carpelio-sintetico-branco","status":"publish","type":"product","link":"https:\/\/dev.eunitecidos.pt\/fr\/loja\/texteis\/pelo-carpelio-sintetico-branco\/","title":{"rendered":"P\u00ealo Carp\u00e9lio | Carnaval | P\u00ealo Comprido | Branco"},"content":{"rendered":"<p>P\u00ealo Carp\u00e9lio | Carnaval | P\u00ealo Comprido | Branco<\/p>\n<p>Cheveux longs, tr\u00e8s doux au toucher.<\/p>\n<p>Muito utilizado para as barbas de bonecos pai natal e gnomo de natal, tapetes e almofadas, bem como disfarces de carnaval<\/p>\n<p>100% Polyester<\/p>\n<p>1,50 Largeur<\/p>","protected":false},"excerpt":{"rendered":"<p>P\u00ealo Carp\u00e9lio | Carnaval | P\u00ealo Comprido | Branco P\u00ealo comprido, com toque muito suave. Muito utilizado para as barbas de bonecos pai natal e gnomo de natal, tapetes e almofadas, bem como disfarces de carnaval 100% Poli\u00e9ster 1,50 Largura<\/p>","protected":false},"featured_media":9820,"comment_status":"closed","ping_status":"closed","template":"","meta":{"_seopress_robots_primary_cat":"69","_seopress_titles_title":"P\u00ealo Carp\u00e9lio Sint\u00e9tico Branco - 100% Poli\u00e9ster","_seopress_titles_desc":"P\u00ealo longo e macio, perfeito para barbas de Pai Natal, tapetes e almofadas. Descubra a qualidade e versatilidade deste tecido!","_seopress_robots_index":""},"product_brand":[],"product_cat":[2016,1868,199,69],"product_tag":[321,1992,1859,1861,1860,3027],"class_list":{"0":"post-9815","1":"product","2":"type-product","3":"status-publish","4":"has-post-thumbnail","6":"product_cat-carnaval","7":"product_cat-pelos-carpelios","8":"product_cat-tematicos","9":"product_cat-texteis","10":"product_tag-branco","11":"product_tag-carnaval","12":"product_tag-pelo-carpelio","13":"product_tag-pelo-longo","14":"product_tag-sintetico","15":"product_tag-tematicos","17":"first","18":"instock","19":"taxable","20":"shipping-taxable","21":"purchasable","22":"product-type-simple"},"_links":{"self":[{"href":"https:\/\/dev.eunitecidos.pt\/fr\/wp-json\/wp\/v2\/product\/9815","targetHints":{"allow":["GET"]}}],"collection":[{"href":"https:\/\/dev.eunitecidos.pt\/fr\/wp-json\/wp\/v2\/product"}],"about":[{"href":"https:\/\/dev.eunitecidos.pt\/fr\/wp-json\/wp\/v2\/types\/product"}],"replies":[{"embeddable":true,"href":"https:\/\/dev.eunitecidos.pt\/fr\/wp-json\/wp\/v2\/comments?post=9815"}],"wp:featuredmedia":[{"embeddable":true,"href":"https:\/\/dev.eunitecidos.pt\/fr\/wp-json\/wp\/v2\/media\/9820"}],"wp:attachment":[{"href":"https:\/\/dev.eunitecidos.pt\/fr\/wp-json\/wp\/v2\/media?parent=9815"}],"wp:term":[{"taxonomy":"product_brand","embeddable":true,"href":"https:\/\/dev.eunitecidos.pt\/fr\/wp-json\/wp\/v2\/product_brand?post=9815"},{"taxonomy":"product_cat","embeddable":true,"href":"https:\/\/dev.eunitecidos.pt\/fr\/wp-json\/wp\/v2\/product_cat?post=9815"},{"taxonomy":"product_tag","embeddable":true,"href":"https:\/\/dev.eunitecidos.pt\/fr\/wp-json\/wp\/v2\/product_tag?post=9815"}],"curies":[{"name":"wp","href":"https:\/\/api.w.org\/{rel}","templated":true}]}}