
{"id":9934,"date":"2021-11-23T18:47:12","date_gmt":"2021-11-23T18:47:12","guid":{"rendered":"https:\/\/dev.eunitecidos.pt\/?post_type=product&#038;p=9934"},"modified":"2025-11-28T10:19:39","modified_gmt":"2025-11-28T10:19:39","slug":"tecido-100-algodao-basicos-estrelas-poppy","status":"publish","type":"product","link":"https:\/\/dev.eunitecidos.pt\/fr\/loja\/texteis\/tecido-100-algodao-basicos-estrelas-poppy\/","title":{"rendered":"Tissu 100 % Coton | Basic | Etoiles | Coquelicot"},"content":{"rendered":"<p>Tissu 100 % Coton | Basic | Etoiles | Coquelicot<\/p>\n<p>100% Coton<\/p>\n<p>Coton biologique<\/p>\n<p>Certifi\u00e9 OEKO-TEX et GOTS<\/p>\n<p>1,50 Largeur<\/p>","protected":false},"excerpt":{"rendered":"<p>Tissu 100 % Coton | Basic | Stars | Poppy 100% Coton Coton biologique certifi\u00e9 OEKO-TEX et GOTS 1.50 Wide<\/p>","protected":false},"featured_media":9886,"comment_status":"closed","ping_status":"closed","template":"","meta":{"_seopress_robots_primary_cat":"69","_seopress_titles_title":"Tecido 100% Algod\u00e3o | B\u00e1sicos | Estrelas | Poppy Org\u00e2nico Certificado OEKO-TEX e GOTS","_seopress_titles_desc":"Descubra o tecido de algod\u00e3o org\u00e2nico certificado OEKO-TEX e GOTS com 1,50m de largura. Perfeito para pe\u00e7as b\u00e1sicas com estampas de estrelas.","_seopress_robots_index":""},"product_brand":[],"product_cat":[194,189,191,135,69],"product_tag":[315,443,1872,515,405,420,1712,856,990,453],"class_list":{"0":"post-9934","1":"product","2":"type-product","3":"status-publish","4":"has-post-thumbnail","6":"product_cat-algodao-organico","7":"product_cat-basicos","8":"product_cat-estrelas","9":"product_cat-tecido-100-algodao","10":"product_cat-texteis","11":"product_tag-100-algodao","12":"product_tag-algodao-organico","13":"product_tag-amarelo-torrado","14":"product_tag-coral","15":"product_tag-mostarda","16":"product_tag-poppy","17":"product_tag-tecido-algodao","18":"product_tag-tecidos-poppy","19":"product_tag-terracota","20":"product_tag-vermelho","21":"pa_cor-amarelo-torrado","22":"pa_cor-coral","23":"pa_cor-mostarda","24":"pa_cor-terracota","25":"pa_cor-vermelho","27":"first","28":"instock","29":"taxable","30":"shipping-taxable","31":"purchasable","32":"product-type-variable"},"_links":{"self":[{"href":"https:\/\/dev.eunitecidos.pt\/fr\/wp-json\/wp\/v2\/product\/9934","targetHints":{"allow":["GET"]}}],"collection":[{"href":"https:\/\/dev.eunitecidos.pt\/fr\/wp-json\/wp\/v2\/product"}],"about":[{"href":"https:\/\/dev.eunitecidos.pt\/fr\/wp-json\/wp\/v2\/types\/product"}],"replies":[{"embeddable":true,"href":"https:\/\/dev.eunitecidos.pt\/fr\/wp-json\/wp\/v2\/comments?post=9934"}],"wp:featuredmedia":[{"embeddable":true,"href":"https:\/\/dev.eunitecidos.pt\/fr\/wp-json\/wp\/v2\/media\/9886"}],"wp:attachment":[{"href":"https:\/\/dev.eunitecidos.pt\/fr\/wp-json\/wp\/v2\/media?parent=9934"}],"wp:term":[{"taxonomy":"product_brand","embeddable":true,"href":"https:\/\/dev.eunitecidos.pt\/fr\/wp-json\/wp\/v2\/product_brand?post=9934"},{"taxonomy":"product_cat","embeddable":true,"href":"https:\/\/dev.eunitecidos.pt\/fr\/wp-json\/wp\/v2\/product_cat?post=9934"},{"taxonomy":"product_tag","embeddable":true,"href":"https:\/\/dev.eunitecidos.pt\/fr\/wp-json\/wp\/v2\/product_tag?post=9934"}],"curies":[{"name":"wp","href":"https:\/\/api.w.org\/{rel}","templated":true}]}}